{"id":33686,"date":"2018-11-15T22:39:10","date_gmt":"2018-11-15T22:39:10","guid":{"rendered":"https:\/\/www.ositran.gob.pe\/usuario\/?page_id=302"},"modified":"2026-03-27T11:22:04","modified_gmt":"2026-03-27T16:22:04","slug":"formulario-de-orientacion-al-usuario","status":"publish","type":"page","link":"https:\/\/www.ositran.gob.pe\/anterior\/formulario-de-orientacion-al-usuario\/","title":{"rendered":"Formulario de Orientaci\u00f3n y Atenci\u00f3n de Consultas en espa\u00f1ol"},"content":{"rendered":"<p>&nbsp;<\/p>\n<p><iframe loading=\"lazy\" src=\"https:\/\/serviciosdigitales.ositran.gob.pe:8443\/foac\/#\/es\/consulta-form\" width=\"100%\" height=\"1300\" frameborder=\"0\"><span data-mce-type=\"bookmark\" style=\"display: inline-block; width: 0px; overflow: hidden; line-height: 0;\" class=\"mce_SELRES_start\">\ufeff<\/span><span data-mce-type=\"bookmark\" style=\"display: inline-block; width: 0px; overflow: hidden; line-height: 0;\" class=\"mce_SELRES_start\">\ufeff<\/span><span data-mce-type=\"bookmark\" style=\"display: inline-block; width: 0px; overflow: hidden; line-height: 0;\" class=\"mce_SELRES_start\">\ufeff<\/span><span style=\"display: inline-block; width: 0px; overflow: hidden; line-height: 0;\" data-mce-type=\"bookmark\" class=\"mce_SELRES_start\">\ufeff<\/span><span style=\"display: inline-block; width: 0px; overflow: hidden; line-height: 0;\" data-mce-type=\"bookmark\" class=\"mce_SELRES_start\">\ufeff<\/span><span style=\"display: inline-block; width: 0px; overflow: hidden; line-height: 0;\" data-mce-type=\"bookmark\" class=\"mce_SELRES_start\">\ufeff<\/span><span style=\"display: inline-block; width: 0px; overflow: hidden; line-height: 0;\" data-mce-type=\"bookmark\" class=\"mce_SELRES_start\">\ufeff<\/span><\/iframe><\/p>\n","protected":false},"excerpt":{"rendered":"<p>&nbsp; \ufeff\ufeff\ufeff\ufeff\ufeff\ufeff\ufeff<\/p>\n","protected":false},"author":4,"featured_media":0,"parent":0,"menu_order":2,"comment_status":"closed","ping_status":"closed","template":"","meta":{"_acf_changed":false,"footnotes":"","_links_to":"","_links_to_target":""},"class_list":["post-33686","page","type-page","status-publish","hentry"],"acf":[],"_links":{"self":[{"href":"https:\/\/www.ositran.gob.pe\/anterior\/wp-json\/wp\/v2\/pages\/33686","targetHints":{"allow":["GET"]}}],"collection":[{"href":"https:\/\/www.ositran.gob.pe\/anterior\/wp-json\/wp\/v2\/pages"}],"about":[{"href":"https:\/\/www.ositran.gob.pe\/anterior\/wp-json\/wp\/v2\/types\/page"}],"author":[{"embeddable":true,"href":"https:\/\/www.ositran.gob.pe\/anterior\/wp-json\/wp\/v2\/users\/4"}],"replies":[{"embeddable":true,"href":"https:\/\/www.ositran.gob.pe\/anterior\/wp-json\/wp\/v2\/comments?post=33686"}],"version-history":[{"count":8,"href":"https:\/\/www.ositran.gob.pe\/anterior\/wp-json\/wp\/v2\/pages\/33686\/revisions"}],"predecessor-version":[{"id":105239,"href":"https:\/\/www.ositran.gob.pe\/anterior\/wp-json\/wp\/v2\/pages\/33686\/revisions\/105239"}],"wp:attachment":[{"href":"https:\/\/www.ositran.gob.pe\/anterior\/wp-json\/wp\/v2\/media?parent=33686"}],"curies":[{"name":"wp","href":"https:\/\/api.w.org\/{rel}","templated":true}]}}