{"id":105237,"date":"2025-02-18T11:33:36","date_gmt":"2025-02-18T16:33:36","guid":{"rendered":"https:\/\/www.ositran.gob.pe\/anterior\/?page_id=105237"},"modified":"2026-03-27T11:22:41","modified_gmt":"2026-03-27T16:22:41","slug":"formulario-de-orientacion-y-atencion-de-consultas-en-awajun","status":"publish","type":"page","link":"https:\/\/www.ositran.gob.pe\/anterior\/formulario-de-orientacion-y-atencion-de-consultas-en-awajun\/","title":{"rendered":"Formulario de Orientaci\u00f3n y Atenci\u00f3n de Consultas en awaj\u00fan"},"content":{"rendered":"<p>&nbsp;<\/p>\n<p><iframe loading=\"lazy\" src=\"https:\/\/serviciosdigitales.ositran.gob.pe:8443\/foac\/#\/aw\/consulta-form\" width=\"100%\" height=\"1300\" frameborder=\"0\"><span data-mce-type=\"bookmark\" style=\"display: inline-block; width: 0px; overflow: hidden; line-height: 0;\" class=\"mce_SELRES_start\">\ufeff<\/span><span data-mce-type=\"bookmark\" style=\"display: inline-block; width: 0px; overflow: hidden; line-height: 0;\" class=\"mce_SELRES_start\">\ufeff<\/span><span data-mce-type=\"bookmark\" style=\"display: inline-block; width: 0px; overflow: hidden; line-height: 0;\" class=\"mce_SELRES_start\">\ufeff<\/span><span style=\"display: inline-block; width: 0px; overflow: hidden; line-height: 0;\" data-mce-type=\"bookmark\" class=\"mce_SELRES_start\">\ufeff<\/span><span style=\"display: inline-block; width: 0px; overflow: hidden; line-height: 0;\" data-mce-type=\"bookmark\" class=\"mce_SELRES_start\">\ufeff<\/span><span style=\"display: inline-block; width: 0px; overflow: hidden; line-height: 0;\" data-mce-type=\"bookmark\" class=\"mce_SELRES_start\">\ufeff<\/span><span style=\"display: inline-block; width: 0px; overflow: hidden; line-height: 0;\" data-mce-type=\"bookmark\" class=\"mce_SELRES_start\">\ufeff<\/span><\/iframe><\/p>\n","protected":false},"excerpt":{"rendered":"<p>&nbsp; \ufeff\ufeff\ufeff\ufeff\ufeff\ufeff\ufeff<\/p>\n","protected":false},"author":3,"featured_media":0,"parent":0,"menu_order":4,"comment_status":"closed","ping_status":"closed","template":"","meta":{"_acf_changed":false,"footnotes":"","_links_to":"","_links_to_target":""},"class_list":["post-105237","page","type-page","status-publish","hentry"],"acf":[],"_links":{"self":[{"href":"https:\/\/www.ositran.gob.pe\/anterior\/wp-json\/wp\/v2\/pages\/105237","targetHints":{"allow":["GET"]}}],"collection":[{"href":"https:\/\/www.ositran.gob.pe\/anterior\/wp-json\/wp\/v2\/pages"}],"about":[{"href":"https:\/\/www.ositran.gob.pe\/anterior\/wp-json\/wp\/v2\/types\/page"}],"author":[{"embeddable":true,"href":"https:\/\/www.ositran.gob.pe\/anterior\/wp-json\/wp\/v2\/users\/3"}],"replies":[{"embeddable":true,"href":"https:\/\/www.ositran.gob.pe\/anterior\/wp-json\/wp\/v2\/comments?post=105237"}],"version-history":[{"count":1,"href":"https:\/\/www.ositran.gob.pe\/anterior\/wp-json\/wp\/v2\/pages\/105237\/revisions"}],"predecessor-version":[{"id":105238,"href":"https:\/\/www.ositran.gob.pe\/anterior\/wp-json\/wp\/v2\/pages\/105237\/revisions\/105238"}],"wp:attachment":[{"href":"https:\/\/www.ositran.gob.pe\/anterior\/wp-json\/wp\/v2\/media?parent=105237"}],"curies":[{"name":"wp","href":"https:\/\/api.w.org\/{rel}","templated":true}]}}